{"id":1448,"date":"2022-11-29T21:13:26","date_gmt":"2022-11-29T20:13:26","guid":{"rendered":"https:\/\/www.susannehenris.com\/blog\/?page_id=1448"},"modified":"2022-11-29T21:13:27","modified_gmt":"2022-11-29T20:13:27","slug":"meinungen-das-sagen-meine-kunden","status":"publish","type":"page","link":"https:\/\/www.susannehenris.com\/blog\/meinungen-das-sagen-meine-kunden\/","title":{"rendered":"Meinungen &#8211; das sagen meine Kunden"},"content":{"rendered":"<!-- \/\/ ********** SOCIAL PROOF SLIDER ********** \/\/ --><section id=\"spslider_block_69d26d9b771d3\" class=\"block wp-block-socialproofslider fade \"><div class=\"widget-wrap\"><div class=\"social-proof-slider-wrap align_center valign-align_middle\" data-slick='{\"autoplay\":true,\"autoplaySpeed\":3000,\"fade\":true,\"arrows\":false,\"prevArrow\":\"#spslider_block_69d26d9b771d3-arrow-left\",\"nextArrow\":\"#spslider_block_69d26d9b771d3-arrow-right\",\"dots\":false,\"adaptiveHeight\":false}'><div class=\"testimonial-item item-2171 no-featured \" ><div class=\"testimonial-text\"><div class=\"quote\"><p>Hallo Susi, ich wollte mich nochmals f\u00fcr die wundersch\u00f6nen Fotos bedanken! Gerade jetzt, wo J. nicht mehr bei uns sein kann, haben diese Fotos nochmal einen ganz anderen Wert f\u00fcr uns! ? so sch\u00f6ne Erinnerungen! An die Vorfreude zu dritt und die Freude als wir endlich mit T. vollst\u00e4ndig waren! ?? ?? leider fehlt uns J. sehr ? aber dank deiner Fotos haben wir wundersch\u00f6ne Bilder von unserer vollst\u00e4ndigen Rudelfamilie! ? Liebe Gr\u00fc\u00dfe H., D. mit T.??<\/p>\n<\/div><div class=\"author\"><div class=\"author-name\">Doris<\/div><div class=\"author-title\"><\/div><\/div><\/div><\/div><div class=\"testimonial-item item-1971 no-featured \" ><div class=\"testimonial-text\"><div class=\"quote\"><p>Absolute Herzensempfehlung. Der gesamte Ablauf beim Shooting war toll. Die Fotografin verspr\u00fcht eine solche Herzensw\u00e4rme aus und arbeitet mit gro\u00dfer Geduld. Die Bilder sind wundersch\u00f6n geworden. Wir haben uns sehr wohl gef\u00fchlt!!<\/p>\n<\/div><div class=\"author\"><div class=\"author-name\"><\/div><div class=\"author-title\"><\/div><\/div><\/div><\/div><div class=\"testimonial-item item-1417 no-featured \" ><div class=\"testimonial-text\"><div class=\"quote\"><p>&#8222;Wir haben ein Neugeborenen Shooting inkl. Geschwisterfotos und Familienfotos bei ihr gemacht. Susi ist eine tolle Fotografin mit viel Liebe zum Detail. Sie war sehr einf\u00fchlsam, nahm sich viel Zeit f\u00fcr uns und es sind einfach wundersch\u00f6ne Fotos dabei entstanden.&#8220;<\/p>\n<\/div><div class=\"author\"><div class=\"author-name\">Elisabeth<\/div><div class=\"author-title\"><\/div><\/div><\/div><\/div><div class=\"testimonial-item item-1415 no-featured \" ><div class=\"testimonial-text\"><div class=\"quote\"><p>&#8222;Sehr nette Atmosph\u00e4re.<br \/>\nStressfrei und hat jede Menge Spa\u00df gemacht ?&#8220;<\/p>\n<\/div><div class=\"author\"><div class=\"author-name\">Bernhard P.<\/div><div class=\"author-title\"><\/div><\/div><\/div><\/div><div class=\"testimonial-item item-1413 no-featured \" ><div class=\"testimonial-text\"><div class=\"quote\"><p>&#8222;Unbedingt empfehlenswert, Top Fotos mit sehr angenehmer, bem\u00fchter Fotografin!!!&#8220;<\/p>\n<\/div><div class=\"author\"><div class=\"author-name\">Bianca Gr.<\/div><div class=\"author-title\"><\/div><\/div><\/div><\/div><div class=\"testimonial-item item-1411 no-featured \" ><div class=\"testimonial-text\"><div class=\"quote\"><p>&#8222;Ich habe noch nie so sch\u00f6ne Fotos von meiner Familie gesehen!&#8220;<\/p>\n<\/div><div class=\"author\"><div class=\"author-name\">Andreas S.<\/div><div class=\"author-title\"><\/div><\/div><\/div><\/div><div class=\"testimonial-item item-1409 no-featured \" ><div class=\"testimonial-text\"><div class=\"quote\"><p>\u201eTolle Fotos. Susi war sehr geduldig mit uns ! Freuen uns schon aufs n\u00e4chste Shooting!\u201c<\/p>\n<\/div><div class=\"author\"><div class=\"author-name\">Tanja H.<\/div><div class=\"author-title\"><\/div><\/div><\/div><\/div><div class=\"testimonial-item item-1322 no-featured \" ><div class=\"testimonial-text\"><div class=\"quote\"><p>Oh Mann ? ich bin echt \u00fcberw\u00e4ltigt\u2026 die Bilder sind der absolute Wahnsinn<\/p>\n<\/div><div class=\"author\"><div class=\"author-name\">c.<\/div><div class=\"author-title\">c.<\/div><\/div><\/div><\/div><\/div><!-- \/\/ .social-proof-slider-wrap \/\/ --><style>\n#spslider_block_69d26d9b771d3 .social-proof-slider-wrap { background-color:; padding: 50px; }\n#spslider_block_69d26d9b771d3.wp-block-socialproofslider .widget-wrap > button.slick-arrow { color:#000 !important; }\n#spslider_block_69d26d9b771d3.wp-block-socialproofslider .widget-wrap > button.slick-arrow:hover span{ opacity: 0.5; }\n#spslider_block_69d26d9b771d3 .social-proof-slider-wrap ul.slick-dots{  }\n#spslider_block_69d26d9b771d3.wp-block-socialproofslider .social-proof-slider-wrap .slick-dots li button { color:#000 !important; }\n#spslider_block_69d26d9b771d3.wp-block-socialproofslider .social-proof-slider-wrap .slick-dots li button:hover { opacity: 0.5 !important; }\n#spslider_block_69d26d9b771d3 .social-proof-slider-wrap .testimonial-item.featured-image .testimonial-author-img {  }\n#spslider_block_69d26d9b771d3 .social-proof-slider-wrap .testimonial-item.featured-image .testimonial-author-img img{ border-radius: 25%; }\n#spslider_block_69d26d9b771d3 .social-proof-slider-wrap .testimonial-item .testimonial-text{  }\n#spslider_block_69d26d9b771d3 .social-proof-slider-wrap .testimonial-item .testimonial-text .quote {  }\n<\/style>\n<\/div><!-- \/\/ .widget-wrap \/\/ --><\/section><!-- \/\/ ********** \/\/ END SOCIAL PROOF SLIDER \/\/ ********** \/\/ -->","protected":false},"excerpt":{"rendered":"","protected":false},"author":1,"featured_media":0,"parent":0,"menu_order":4,"comment_status":"closed","ping_status":"closed","template":"","meta":{"_mo_disable_npp":"","_vp_format_video_url":"","_vp_image_focal_point":[],"footnotes":""},"class_list":["post-1448","page","type-page","status-publish","hentry"],"_links":{"self":[{"href":"https:\/\/www.susannehenris.com\/blog\/wp-json\/wp\/v2\/pages\/1448","targetHints":{"allow":["GET"]}}],"collection":[{"href":"https:\/\/www.susannehenris.com\/blog\/wp-json\/wp\/v2\/pages"}],"about":[{"href":"https:\/\/www.susannehenris.com\/blog\/wp-json\/wp\/v2\/types\/page"}],"author":[{"embeddable":true,"href":"https:\/\/www.susannehenris.com\/blog\/wp-json\/wp\/v2\/users\/1"}],"replies":[{"embeddable":true,"href":"https:\/\/www.susannehenris.com\/blog\/wp-json\/wp\/v2\/comments?post=1448"}],"version-history":[{"count":0,"href":"https:\/\/www.susannehenris.com\/blog\/wp-json\/wp\/v2\/pages\/1448\/revisions"}],"wp:attachment":[{"href":"https:\/\/www.susannehenris.com\/blog\/wp-json\/wp\/v2\/media?parent=1448"}],"curies":[{"name":"wp","href":"https:\/\/api.w.org\/{rel}","templated":true}]}}