{"id":617,"date":"2022-10-12T21:12:48","date_gmt":"2022-10-12T19:12:48","guid":{"rendered":"https:\/\/www.susannehenris.com\/blog\/?page_id=617"},"modified":"2023-01-29T20:49:31","modified_gmt":"2023-01-29T19:49:31","slug":"preise-zusatzprodukte","status":"publish","type":"page","link":"https:\/\/www.susannehenris.com\/blog\/fotografin-fuer-schwangerschaft-neugeborene-kinder\/preise-zusatzprodukte\/","title":{"rendered":"Preise Zusatzprodukte Zusatzbilder"},"content":{"rendered":"\t\t<div data-elementor-type=\"wp-page\" data-elementor-id=\"617\" class=\"elementor elementor-617\">\n\t\t\t\t\t\t<section class=\"elementor-section elementor-top-section elementor-element elementor-element-d791a00 elementor-section-full_width elementor-section-stretched elementor-section-height-default elementor-section-height-default\" data-id=\"d791a00\" data-element_type=\"section\" data-e-type=\"section\" data-settings=\"{&quot;stretch_section&quot;:&quot;section-stretched&quot;}\">\n\t\t\t\t\t\t<div class=\"elementor-container elementor-column-gap-default\">\n\t\t\t\t\t<div class=\"elementor-column elementor-col-100 elementor-top-column elementor-element elementor-element-a3ebab2\" data-id=\"a3ebab2\" data-element_type=\"column\" data-e-type=\"column\">\n\t\t\t<div class=\"elementor-widget-wrap elementor-element-populated\">\n\t\t\t\t\t\t<section class=\"elementor-section elementor-inner-section elementor-element elementor-element-db949e3 elementor-section-full_width elementor-section-height-default elementor-section-height-default\" data-id=\"db949e3\" data-element_type=\"section\" data-e-type=\"section\">\n\t\t\t\t\t\t<div class=\"elementor-container elementor-column-gap-default\">\n\t\t\t\t\t<div class=\"elementor-column elementor-col-33 elementor-inner-column elementor-element elementor-element-b24ea83\" data-id=\"b24ea83\" data-element_type=\"column\" data-e-type=\"column\">\n\t\t\t<div class=\"elementor-widget-wrap elementor-element-populated\">\n\t\t\t\t\t\t<div class=\"elementor-element elementor-element-c80e70a elementor-absolute elementor-widget elementor-widget-image\" data-id=\"c80e70a\" data-element_type=\"widget\" data-e-type=\"widget\" data-settings=\"{&quot;_position&quot;:&quot;absolute&quot;}\" data-widget_type=\"image.default\">\n\t\t\t\t<div class=\"elementor-widget-container\">\n\t\t\t\t\t\t\t\t\t\t\t\t\t\t\t<img fetchpriority=\"high\" decoding=\"async\" width=\"1198\" height=\"800\" src=\"https:\/\/www.susannehenris.com\/blog\/wp-content\/uploads\/2022\/10\/32665.jpg\" class=\"attachment-2048x2048 size-2048x2048 wp-image-622\" alt=\"\" srcset=\"https:\/\/www.susannehenris.com\/blog\/wp-content\/uploads\/2022\/10\/32665.jpg 1198w, https:\/\/www.susannehenris.com\/blog\/wp-content\/uploads\/2022\/10\/32665-300x200.jpg 300w, https:\/\/www.susannehenris.com\/blog\/wp-content\/uploads\/2022\/10\/32665-1024x684.jpg 1024w, https:\/\/www.susannehenris.com\/blog\/wp-content\/uploads\/2022\/10\/32665-768x513.jpg 768w, https:\/\/www.susannehenris.com\/blog\/wp-content\/uploads\/2022\/10\/32665-500x334.jpg 500w, https:\/\/www.susannehenris.com\/blog\/wp-content\/uploads\/2022\/10\/32665-800x534.jpg 800w\" sizes=\"(max-width: 1198px) 100vw, 1198px\" \/>\t\t\t\t\t\t\t\t\t\t\t\t\t\t\t<\/div>\n\t\t\t\t<\/div>\n\t\t\t\t\t<\/div>\n\t\t<\/div>\n\t\t\t\t<div class=\"elementor-column elementor-col-33 elementor-inner-column elementor-element elementor-element-d0627d5\" data-id=\"d0627d5\" data-element_type=\"column\" data-e-type=\"column\">\n\t\t\t<div class=\"elementor-widget-wrap elementor-element-populated\">\n\t\t\t\t\t\t<div class=\"elementor-element elementor-element-d45d332 elementor-widget elementor-widget-text-editor\" data-id=\"d45d332\" data-element_type=\"widget\" data-e-type=\"widget\" data-widget_type=\"text-editor.default\">\n\t\t\t\t<div class=\"elementor-widget-container\">\n\t\t\t\t\t\t\t\t\t<div class=\"xr_txt xr_s0\">\n<h2 class=\"xr_tc Heading_1 xr_s44\" style=\"text-align: center;\">&nbsp;<\/h2>\n<h2 class=\"xr_tc Heading_1 xr_s44\" style=\"text-align: center;\">Preise f\u00fcr Zusatzbilder &amp; Fotoprodukte<\/h2>\n<p class=\"xr_tc Heading_2 xr_s45\" style=\"text-align: center;\">Hier findest du die Preise f\u00fcr zus\u00e4tzliche Bilder aus deinem Shooting. (Nur g\u00fcltig in&nbsp;Kombination mit einem Shooting- Paket)<\/p>\n<\/div>\n<div class=\"xr_txt xr_s0\">\n<h3 style=\"text-align: center;\"><span class=\"xr_tc Normal_text xr_s92\"><span class=\"Normal_text xr_s93\">Versand<\/span><\/span><\/h3>\n<p style=\"text-align: center;\"><span class=\"xr_tc Normal_text xr_s94\">Gerne k\u00f6nnen die Bilder bei mir abgeholt werden. <\/span><\/p>\n<p style=\"text-align: center;\"><span class=\"xr_tc Normal_text xr_s94\">F\u00fcr den Versand verrechne ich <span class=\"Normal_text xr_s95\">\u20ac 4,-.<\/span><\/span><\/p>\n<h4 style=\"text-align: center;\"><span class=\"xr_tc Normal_text xr_s93\">Andere Formate &amp; Co<\/span><\/h4>\n<p style=\"text-align: center;\"><span class=\"xr_tc Normal_text xr_s94\">Weitere Formate oder Drucke als Wandbild biete ich dir gern gesondert an.<\/span><\/p>\n<h4 style=\"text-align: center;\"><span class=\"xr_tc Normal_text xr_s93\">Zusatzbilder<\/span><\/h4>\n<h5 style=\"text-align: center;\"><span style=\"color: var( --photozoom-primary-text-color ); font-family: var( --photozoom-ff-accent ); font-size: 1em; font-style: var( --e-global-typography-text-font-style ); background-color: var( --photozoom-background-color );\">DRUCK+JPG<\/span><\/h5>\n<p style=\"text-align: center;\"><span class=\"xr_tc Normal_text xr_s94\">ein zus\u00e4tzliches Einzelbild, liebevoll bearbeitet, gedruckt auf hochwertigem Fine-Art-Papier kostet <span class=\"Normal_text xr_s99\">plus<\/span> die <\/span><span class=\"xr_tc Normal_text xr_s94\">Einzeldatei in JPG in hoher Aufl\u00f6sung kostet <span class=\"Normal_text xr_s95\">\u20ac 29,-<\/span><\/span><\/p>\n<h5 style=\"text-align: center;\"><span class=\"xr_tc Normal_text xr_s17\"><span class=\"Normal_text xr_s100\">Bildpakete Zusatzbilder<\/span><\/span><\/h5>\n<p style=\"text-align: center;\"><span class=\"xr_tc Normal_text xr_s94\">zu den Shootingpaketen gibt es auch Bildpakete:<\/span><\/p>\n<h4 style=\"text-align: center;\"><span class=\"xr_tc Normal_text xr_s99\"><span class=\"Normal_text xr_s101\">5-er BILDPAKET<\/span><\/span><\/h4>\n<h5 style=\"text-align: center;\"><span style=\"color: var( --photozoom-primary-text-color ); font-family: var( --photozoom-ff-accent ); font-size: 1em; font-style: var( --e-global-typography-text-font-style ); background-color: var( --photozoom-background-color );\">DRUCK+JPG<\/span><\/h5>\n<p style=\"text-align: center;\"><span class=\"xr_tc Normal_text xr_s94\">5 zus\u00e4tzliche Einzelbilder, liebevoll bearbeitet, gedruckt auf hochwertigem Fine-Art-Papier <span class=\"Normal_text xr_s99\">plus<\/span> die 5 Dateien in <\/span><span class=\"xr_tc Normal_text xr_s94\">JPG in hoher Aufl\u00f6sung kosten <span class=\"Normal_text xr_s95\">\u20ac 140,-<\/span><\/span><\/p>\n<h4 style=\"text-align: center;\"><span class=\"xr_tc Normal_text xr_s99\"><span class=\"Normal_text xr_s101\">10-er BILDPAKET<\/span><\/span><\/h4>\n<h5 style=\"text-align: center;\"><span style=\"color: var( --photozoom-primary-text-color ); font-family: var( --photozoom-ff-accent ); font-size: 1em; font-style: var( --e-global-typography-text-font-style ); background-color: var( --photozoom-background-color );\">DRUCK+JPG<\/span><\/h5>\n<p style=\"text-align: center;\"><span class=\"xr_tc Normal_text xr_s94\">10 zus\u00e4tzliche Einzelbilder, liebevoll bearbeitet, gedruckt auf hochwertigem Fine-Art-Papier <span class=\"Normal_text xr_s99\">plus<\/span> die 10 Dateien <\/span><span class=\"xr_tc Normal_text xr_s94\">in JPG in hoher Aufl\u00f6sung kosten <span class=\"Normal_text xr_s95\">\u20ac 270,-<\/span><\/span><\/p>\n<h4 style=\"text-align: center;\"><span class=\"xr_tc Normal_text xr_s70\"><span class=\"Normal_text xr_s17\">Sonstiges<\/span><\/span><\/h4>\n<p style=\"text-align: center;\"><span class=\"xr_tc Normal_text xr_s94\">Ich verkaufe keine RAW-Dateien. <\/span><\/p>\n<p style=\"text-align: center;\"><span class=\"xr_tc Normal_text xr_s94\">Es sind Drucke oder Druck <span class=\"Normal_text xr_s99\">plus<\/span> <span class=\"Normal_text xr_s98\">JPGs <\/span>erh\u00e4ltlich.<\/span><\/p>\n<p style=\"text-align: center;\"><span class=\"xr_tc Normal_text xr_s94\">Manchmal sind einzelene JPG-Dateien, au\u00dferhalb des auswgew\u00e4hlten Shooting-Paketes gew\u00fcnscht. JPG-Dateien <\/span><span class=\"xr_tc Normal_text xr_s94\">f\u00fcr Zusatzbilder kosten je St\u00fcck \u20ac 24,-. Ein Zweitdruck (Kopie) eines Bildes gedruckt in ca. 15x23cm kostet \u20ac 8,-<\/span><\/p>\n<h4 style=\"text-align: center;\"><span class=\"xr_tc Normal_text xr_s17\">Fotoprodukte<\/span><\/h4>\n<p style=\"text-align: center;\"><span class=\"xr_tc Normal_text xr_s70\"><span class=\"Normal_text xr_s17\">Preise f\u00fcr meine edlen&nbsp;<a href=\"https:\/\/www.susannehenris.com\/blog\/fotografin-fuer-schwangerschaft-neugeborene-kinder\/preise-fotopakete\/lieblingsprodukte\/\" target=\"_blank\" rel=\"noopener\">Lieblingsfotoprodukte<\/a>&nbsp;findest du in dem du auf das Bild klickst.&nbsp;<\/span><\/span><\/p>\n<p class=\"xr_tc Heading_2 xr_s51\" style=\"text-align: center;\">\n<\/p><\/div>\t\t\t\t\t\t\t\t<\/div>\n\t\t\t\t<\/div>\n\t\t\t\t<div class=\"elementor-element elementor-element-2ca416c elementor-widget elementor-widget-image\" data-id=\"2ca416c\" data-element_type=\"widget\" data-e-type=\"widget\" data-widget_type=\"image.default\">\n\t\t\t\t<div class=\"elementor-widget-container\">\n\t\t\t\t\t\t\t\t\t\t\t\t\t\t\t\t<a href=\"https:\/\/www.susannehenris.com\/blog\/fotografin-fuer-schwangerschaft-neugeborene-kinder\/preise-fotopakete\/lieblingsprodukte\/\">\n\t\t\t\t\t\t\t<img decoding=\"async\" width=\"660\" height=\"384\" src=\"https:\/\/www.susannehenris.com\/blog\/wp-content\/uploads\/2022\/10\/34358@2x-1024x596.jpg\" class=\"attachment-large size-large wp-image-682\" alt=\"\" srcset=\"https:\/\/www.susannehenris.com\/blog\/wp-content\/uploads\/2022\/10\/34358@2x-1024x596.jpg 1024w, https:\/\/www.susannehenris.com\/blog\/wp-content\/uploads\/2022\/10\/34358@2x-300x175.jpg 300w, https:\/\/www.susannehenris.com\/blog\/wp-content\/uploads\/2022\/10\/34358@2x-768x447.jpg 768w, https:\/\/www.susannehenris.com\/blog\/wp-content\/uploads\/2022\/10\/34358@2x-1536x894.jpg 1536w, https:\/\/www.susannehenris.com\/blog\/wp-content\/uploads\/2022\/10\/34358@2x-500x291.jpg 500w, https:\/\/www.susannehenris.com\/blog\/wp-content\/uploads\/2022\/10\/34358@2x-800x465.jpg 800w, https:\/\/www.susannehenris.com\/blog\/wp-content\/uploads\/2022\/10\/34358@2x-1280x745.jpg 1280w, https:\/\/www.susannehenris.com\/blog\/wp-content\/uploads\/2022\/10\/34358@2x.jpg 1688w\" sizes=\"(max-width: 660px) 100vw, 660px\" \/>\t\t\t\t\t\t\t\t<\/a>\n\t\t\t\t\t\t\t\t\t\t\t\t\t\t\t<\/div>\n\t\t\t\t<\/div>\n\t\t\t\t<div class=\"elementor-element elementor-element-7b4b975 elementor-widget elementor-widget-text-editor\" data-id=\"7b4b975\" data-element_type=\"widget\" data-e-type=\"widget\" data-widget_type=\"text-editor.default\">\n\t\t\t\t<div class=\"elementor-widget-container\">\n\t\t\t\t\t\t\t\t\t<div class=\"xr_txt xr_s0\"><h2 class=\"xr_tc Heading_1 xr_s44\" style=\"text-align: center;\">\u00a0<\/h2><\/div><div class=\"xr_txt xr_s0\"><h4 style=\"text-align: center;\"><span class=\"xr_tc Normal_text xr_s17\">Was kann ich dir noch anbieten?<\/span><\/h4><p class=\"xr_tc Heading_2 xr_s51\" style=\"text-align: center;\">Gerne erstelle ich auch ein hochwertiges Premium-Fotobuch oder Leinwanddrucke. Ich erstelle gerne ein\u00a0individuelles Angebot. Andere Shootings auf Anfrage.<\/p><h4 class=\"xr_tc Heading_2 xr_s17\" style=\"text-align: center;\">Rabatte<\/h4><p class=\"xr_tc Heading_2 xr_s51\" style=\"text-align: center;\">F\u00fcr Weiterempfehlungen: <span class=\"Heading_2 xr_s102\"><a href=\"https:\/\/www.susannehenris.com\/blog\/fotografin-fuer-schwangerschaft-neugeborene-kinder\/preise-fotopakete\/sags-weiter\/\">Infos hier.<\/a><\/span><\/p><\/div>\t\t\t\t\t\t\t\t<\/div>\n\t\t\t\t<\/div>\n\t\t\t\t\t<\/div>\n\t\t<\/div>\n\t\t\t\t<div class=\"elementor-column elementor-col-33 elementor-inner-column elementor-element elementor-element-545c93e\" data-id=\"545c93e\" data-element_type=\"column\" data-e-type=\"column\">\n\t\t\t<div class=\"elementor-widget-wrap elementor-element-populated\">\n\t\t\t\t\t\t<div class=\"elementor-element elementor-element-294233b elementor-absolute elementor-widget elementor-widget-image\" data-id=\"294233b\" data-element_type=\"widget\" data-e-type=\"widget\" data-settings=\"{&quot;_position&quot;:&quot;absolute&quot;}\" data-widget_type=\"image.default\">\n\t\t\t\t<div class=\"elementor-widget-container\">\n\t\t\t\t\t\t\t\t\t\t\t\t\t\t\t<img decoding=\"async\" width=\"1198\" height=\"800\" src=\"https:\/\/www.susannehenris.com\/blog\/wp-content\/uploads\/2022\/10\/32666.jpg\" class=\"attachment-2048x2048 size-2048x2048 wp-image-623\" alt=\"\" srcset=\"https:\/\/www.susannehenris.com\/blog\/wp-content\/uploads\/2022\/10\/32666.jpg 1198w, https:\/\/www.susannehenris.com\/blog\/wp-content\/uploads\/2022\/10\/32666-300x200.jpg 300w, https:\/\/www.susannehenris.com\/blog\/wp-content\/uploads\/2022\/10\/32666-1024x684.jpg 1024w, https:\/\/www.susannehenris.com\/blog\/wp-content\/uploads\/2022\/10\/32666-768x513.jpg 768w, https:\/\/www.susannehenris.com\/blog\/wp-content\/uploads\/2022\/10\/32666-500x334.jpg 500w, https:\/\/www.susannehenris.com\/blog\/wp-content\/uploads\/2022\/10\/32666-800x534.jpg 800w\" sizes=\"(max-width: 1198px) 100vw, 1198px\" \/>\t\t\t\t\t\t\t\t\t\t\t\t\t\t\t<\/div>\n\t\t\t\t<\/div>\n\t\t\t\t\t<\/div>\n\t\t<\/div>\n\t\t\t\t\t<\/div>\n\t\t<\/section>\n\t\t\t\t\t<\/div>\n\t\t<\/div>\n\t\t\t\t\t<\/div>\n\t\t<\/section>\n\t\t\t\t<section class=\"elementor-section elementor-top-section elementor-element elementor-element-18d17f43 elementor-section-full_width elementor-section-content-bottom elementor-section-stretched elementor-section-height-default elementor-section-height-default\" data-id=\"18d17f43\" data-element_type=\"section\" data-e-type=\"section\" data-settings=\"{&quot;stretch_section&quot;:&quot;section-stretched&quot;}\">\n\t\t\t\t\t\t<div class=\"elementor-container elementor-column-gap-default\">\n\t\t\t\t\t<div class=\"elementor-column elementor-col-100 elementor-top-column elementor-element elementor-element-76ffe2aa\" data-id=\"76ffe2aa\" data-element_type=\"column\" data-e-type=\"column\">\n\t\t\t<div class=\"elementor-widget-wrap elementor-element-populated\">\n\t\t\t\t\t\t<div class=\"elementor-element elementor-element-5b8e2b90 elementor-widget__width-inherit e-transform elementor-widget elementor-widget-text-editor\" data-id=\"5b8e2b90\" data-element_type=\"widget\" data-e-type=\"widget\" data-settings=\"{&quot;_transform_skewX_effect&quot;:{&quot;unit&quot;:&quot;px&quot;,&quot;size&quot;:0,&quot;sizes&quot;:[]},&quot;_transform_skewX_effect_tablet&quot;:{&quot;unit&quot;:&quot;deg&quot;,&quot;size&quot;:&quot;&quot;,&quot;sizes&quot;:[]},&quot;_transform_skewX_effect_mobile&quot;:{&quot;unit&quot;:&quot;deg&quot;,&quot;size&quot;:&quot;&quot;,&quot;sizes&quot;:[]},&quot;_transform_skewY_effect&quot;:{&quot;unit&quot;:&quot;px&quot;,&quot;size&quot;:&quot;&quot;,&quot;sizes&quot;:[]},&quot;_transform_skewY_effect_tablet&quot;:{&quot;unit&quot;:&quot;deg&quot;,&quot;size&quot;:&quot;&quot;,&quot;sizes&quot;:[]},&quot;_transform_skewY_effect_mobile&quot;:{&quot;unit&quot;:&quot;deg&quot;,&quot;size&quot;:&quot;&quot;,&quot;sizes&quot;:[]}}\" data-widget_type=\"text-editor.default\">\n\t\t\t\t<div class=\"elementor-widget-container\">\n\t\t\t\t\t\t\t\t\t<p>\u00a0<\/p>\n<p>\u00a0<\/p>\n<p>\u00a0<\/p>\t\t\t\t\t\t\t\t<\/div>\n\t\t\t\t<\/div>\n\t\t\t\t\t<\/div>\n\t\t<\/div>\n\t\t\t\t\t<\/div>\n\t\t<\/section>\n\t\t\t\t<\/div>\n\t\t","protected":false},"excerpt":{"rendered":"<p>&nbsp; Preise f\u00fcr Zusatzbilder &amp; Fotoprodukte Hier findest du die Preise f\u00fcr zus\u00e4tzliche Bilder aus deinem Shooting. (Nur g\u00fcltig in&nbsp;Kombination mit einem Shooting- Paket) Versand Gerne k\u00f6nnen die Bilder bei [&hellip;]<\/p>\n","protected":false},"author":1,"featured_media":0,"parent":201,"menu_order":19,"comment_status":"closed","ping_status":"closed","template":"","meta":{"_mo_disable_npp":"","_vp_format_video_url":"","_vp_image_focal_point":[],"footnotes":""},"class_list":["post-617","page","type-page","status-publish","hentry"],"_links":{"self":[{"href":"https:\/\/www.susannehenris.com\/blog\/wp-json\/wp\/v2\/pages\/617","targetHints":{"allow":["GET"]}}],"collection":[{"href":"https:\/\/www.susannehenris.com\/blog\/wp-json\/wp\/v2\/pages"}],"about":[{"href":"https:\/\/www.susannehenris.com\/blog\/wp-json\/wp\/v2\/types\/page"}],"author":[{"embeddable":true,"href":"https:\/\/www.susannehenris.com\/blog\/wp-json\/wp\/v2\/users\/1"}],"replies":[{"embeddable":true,"href":"https:\/\/www.susannehenris.com\/blog\/wp-json\/wp\/v2\/comments?post=617"}],"version-history":[{"count":0,"href":"https:\/\/www.susannehenris.com\/blog\/wp-json\/wp\/v2\/pages\/617\/revisions"}],"up":[{"embeddable":true,"href":"https:\/\/www.susannehenris.com\/blog\/wp-json\/wp\/v2\/pages\/201"}],"wp:attachment":[{"href":"https:\/\/www.susannehenris.com\/blog\/wp-json\/wp\/v2\/media?parent=617"}],"curies":[{"name":"wp","href":"https:\/\/api.w.org\/{rel}","templated":true}]}}